{"id":2770,"date":"2025-05-23T11:24:21","date_gmt":"2025-05-23T11:24:21","guid":{"rendered":"https:\/\/mentsh.eu\/?page_id=2770"},"modified":"2025-08-14T17:16:56","modified_gmt":"2025-08-14T17:16:56","slug":"mentions-legales","status":"publish","type":"page","link":"https:\/\/mentsh.eu\/fr\/impressum\/","title":{"rendered":"Mentions l\u00e9gales"},"content":{"rendered":"<div data-elementor-type=\"wp-page\" data-elementor-id=\"2770\" class=\"elementor elementor-2770\" data-elementor-post-type=\"page\">\n\t\t\t\t<div class=\"elementor-element elementor-element-8a60def e-flex e-con-boxed e-con e-parent\" data-id=\"8a60def\" data-element_type=\"container\" data-e-type=\"container\" data-settings=\"{&quot;background_background&quot;:&quot;classic&quot;,&quot;shape_divider_top&quot;:&quot;tilt&quot;,&quot;shape_divider_bottom&quot;:&quot;tilt&quot;}\">\n\t\t\t\t\t<div class=\"e-con-inner\">\n\t\t\t\t<div class=\"elementor-shape elementor-shape-top\" aria-hidden=\"true\" data-negative=\"false\">\n\t\t\t<svg xmlns=\"http:\/\/www.w3.org\/2000\/svg\" viewbox=\"0 0 1000 100\" preserveaspectratio=\"none\">\n\t<path class=\"elementor-shape-fill\" d=\"M0,6V0h1000v100L0,6z\"\/>\n<\/svg>\t\t<\/div>\n\t\t\t\t<div class=\"elementor-shape elementor-shape-bottom\" aria-hidden=\"true\" data-negative=\"false\">\n\t\t\t<svg xmlns=\"http:\/\/www.w3.org\/2000\/svg\" viewbox=\"0 0 1000 100\" preserveaspectratio=\"none\">\n\t<path class=\"elementor-shape-fill\" d=\"M0,6V0h1000v100L0,6z\"\/>\n<\/svg>\t\t<\/div>\n\t\t\t\t<div class=\"elementor-element elementor-element-6c92fb2 elementor-widget elementor-widget-heading\" data-id=\"6c92fb2\" data-element_type=\"widget\" data-e-type=\"widget\" data-widget_type=\"heading.default\">\n\t\t\t\t<div class=\"elementor-widget-container\">\n\t\t\t\t\t<h1 class=\"elementor-heading-title elementor-size-default\">Mentions l\u00e9gales<\/h1>\t\t\t\t<\/div>\n\t\t\t\t<\/div>\n\t\t\t\t\t<\/div>\n\t\t\t\t<\/div>\n\t\t<div class=\"elementor-element elementor-element-f54035f e-flex e-con-boxed e-con e-parent\" data-id=\"f54035f\" data-element_type=\"container\" data-e-type=\"container\" data-settings=\"{&quot;shape_divider_bottom&quot;:&quot;tilt&quot;}\">\n\t\t\t\t\t<div class=\"e-con-inner\">\n\t\t\t\t<div class=\"elementor-shape elementor-shape-bottom\" aria-hidden=\"true\" data-negative=\"false\">\n\t\t\t<svg xmlns=\"http:\/\/www.w3.org\/2000\/svg\" viewbox=\"0 0 1000 100\" preserveaspectratio=\"none\">\n\t<path class=\"elementor-shape-fill\" d=\"M0,6V0h1000v100L0,6z\"\/>\n<\/svg>\t\t<\/div>\n\t\t<div class=\"elementor-element elementor-element-8ad8447 e-con-full e-flex e-con e-child\" data-id=\"8ad8447\" data-element_type=\"container\" data-e-type=\"container\">\n\t\t\t\t<div class=\"elementor-element elementor-element-01a038f elementor-widget elementor-widget-heading\" data-id=\"01a038f\" data-element_type=\"widget\" data-e-type=\"widget\" data-widget_type=\"heading.default\">\n\t\t\t\t<div class=\"elementor-widget-container\">\n\t\t\t\t\t<h2 class=\"elementor-heading-title elementor-size-default\">Informations selon \u00a7 5 TMG<\/h2>\t\t\t\t<\/div>\n\t\t\t\t<\/div>\n\t\t\t\t<div class=\"elementor-element elementor-element-75140fa elementor-widget elementor-widget-heading\" data-id=\"75140fa\" data-element_type=\"widget\" data-e-type=\"widget\" data-widget_type=\"heading.default\">\n\t\t\t\t<div class=\"elementor-widget-container\">\n\t\t\t\t\t<h3 class=\"elementor-heading-title elementor-size-default\">Mentsh est une initiative de<\/h3>\t\t\t\t<\/div>\n\t\t\t\t<\/div>\n\t\t\t\t<div class=\"elementor-element elementor-element-50b863a elementor-widget elementor-widget-text-editor\" data-id=\"50b863a\" data-element_type=\"widget\" data-e-type=\"widget\" data-widget_type=\"text-editor.default\">\n\t\t\t\t<div class=\"elementor-widget-container\">\n\t\t\t\t\t\t\t\t\t<p>Vie juive en Europe e.V.<\/p><p>85, rue Otto<\/p><p>50823 Cologne<\/p>\t\t\t\t\t\t\t\t<\/div>\n\t\t\t\t<\/div>\n\t\t\t\t<div class=\"elementor-element elementor-element-8da7f5f elementor-widget elementor-widget-heading\" data-id=\"8da7f5f\" data-element_type=\"widget\" data-e-type=\"widget\" data-widget_type=\"heading.default\">\n\t\t\t\t<div class=\"elementor-widget-container\">\n\t\t\t\t\t<h3 class=\"elementor-heading-title elementor-size-default\">Repr\u00e9sent\u00e9 par<\/h3>\t\t\t\t<\/div>\n\t\t\t\t<\/div>\n\t\t\t\t<div class=\"elementor-element elementor-element-c4003f4 elementor-widget elementor-widget-text-editor\" data-id=\"c4003f4\" data-element_type=\"widget\" data-e-type=\"widget\" data-widget_type=\"text-editor.default\">\n\t\t\t\t<div class=\"elementor-widget-container\">\n\t\t\t\t\t\t\t\t\t<p>Secr\u00e9taire g\u00e9n\u00e9ral Andrei Kovacs<\/p>\t\t\t\t\t\t\t\t<\/div>\n\t\t\t\t<\/div>\n\t\t\t\t<div class=\"elementor-element elementor-element-fa9f9c8 elementor-widget elementor-widget-heading\" data-id=\"fa9f9c8\" data-element_type=\"widget\" data-e-type=\"widget\" data-widget_type=\"heading.default\">\n\t\t\t\t<div class=\"elementor-widget-container\">\n\t\t\t\t\t<h3 class=\"elementor-heading-title elementor-size-default\">contact<\/h3>\t\t\t\t<\/div>\n\t\t\t\t<\/div>\n\t\t\t\t<div class=\"elementor-element elementor-element-4a639c0 elementor-widget elementor-widget-text-editor\" data-id=\"4a639c0\" data-element_type=\"widget\" data-e-type=\"widget\" data-widget_type=\"text-editor.default\">\n\t\t\t\t<div class=\"elementor-widget-container\">\n\t\t\t\t\t\t\t\t\t<p>T\u00e9l\u00e9phone : +49 221 292961 70<\/p><p>T\u00e9l\u00e9copieur : +49 221 292961 99<\/p><p>\u00a0<\/p><p>E-mail : united(at)mentsh.eu ou info(at)jewlif.org\u00a0<\/p><p>Responsable du contenu conform\u00e9ment au \u00a718 alin\u00e9a 2 MStV : Andrei Kovacs<\/p><div>\u00a0<\/div>\t\t\t\t\t\t\t\t<\/div>\n\t\t\t\t<\/div>\n\t\t\t\t<div class=\"elementor-element elementor-element-7663959 elementor-widget elementor-widget-heading\" data-id=\"7663959\" data-element_type=\"widget\" data-e-type=\"widget\" data-widget_type=\"heading.default\">\n\t\t\t\t<div class=\"elementor-widget-container\">\n\t\t\t\t\t<h3 class=\"elementor-heading-title elementor-size-default\">R\u00e8glement des litiges de consommation \/ Organe universel de conciliation<\/h3>\t\t\t\t<\/div>\n\t\t\t\t<\/div>\n\t\t\t\t<div class=\"elementor-element elementor-element-136c214 elementor-widget elementor-widget-text-editor\" data-id=\"136c214\" data-element_type=\"widget\" data-e-type=\"widget\" data-widget_type=\"text-editor.default\">\n\t\t\t\t<div class=\"elementor-widget-container\">\n\t\t\t\t\t\t\t\t\t<p>Nous d\u00e9clarons que nous ne participons \u00e0 aucune proc\u00e9dure de r\u00e8glement des litiges devant un organisme de conciliation des consommateurs, car il n'existe ni volont\u00e9 ni obligation de notre part.<\/p>\t\t\t\t\t\t\t\t<\/div>\n\t\t\t\t<\/div>\n\t\t\t\t<div class=\"elementor-element elementor-element-e84c74e elementor-widget elementor-widget-heading\" data-id=\"e84c74e\" data-element_type=\"widget\" data-e-type=\"widget\" data-widget_type=\"heading.default\">\n\t\t\t\t<div class=\"elementor-widget-container\">\n\t\t\t\t\t<h3 class=\"elementor-heading-title elementor-size-default\">Responsabilit\u00e9 du contenu<\/h3>\t\t\t\t<\/div>\n\t\t\t\t<\/div>\n\t\t\t\t<div class=\"elementor-element elementor-element-640637f elementor-widget elementor-widget-text-editor\" data-id=\"640637f\" data-element_type=\"widget\" data-e-type=\"widget\" data-widget_type=\"text-editor.default\">\n\t\t\t\t<div class=\"elementor-widget-container\">\n\t\t\t\t\t\t\t\t\t<p>Conform\u00e9ment au \u00a7 7, alin\u00e9a 1 de la loi sur les t\u00e9l\u00e9m\u00e9dias (TMG), nous sommes, en tant que prestataire de services, responsables de nos propres contenus sur ces pages conform\u00e9ment aux lois g\u00e9n\u00e9rales. En tant que prestataire de services, nous ne sommes toutefois pas tenus, en vertu des \u00a7\u00a7 8 \u00e0 10 de la TMG, de surveiller les informations externes transmises ou enregistr\u00e9es ou d'enqu\u00eater sur des circonstances indiquant des activit\u00e9s ill\u00e9gales. Les obligations de supprimer ou de bloquer l'utilisation d'informations conform\u00e9ment aux lois g\u00e9n\u00e9rales restent inchang\u00e9es. Une responsabilit\u00e9 \u00e0 cet \u00e9gard n'est toutefois possible qu'\u00e0 partir du moment o\u00f9 une violation concr\u00e8te de la loi est connue. D\u00e8s que nous aurons connaissance d'une violation de la loi, nous supprimerons imm\u00e9diatement les contenus concern\u00e9s.<\/p>\t\t\t\t\t\t\t\t<\/div>\n\t\t\t\t<\/div>\n\t\t\t\t<div class=\"elementor-element elementor-element-9ff71b5 elementor-widget elementor-widget-heading\" data-id=\"9ff71b5\" data-element_type=\"widget\" data-e-type=\"widget\" data-widget_type=\"heading.default\">\n\t\t\t\t<div class=\"elementor-widget-container\">\n\t\t\t\t\t<h3 class=\"elementor-heading-title elementor-size-default\">Responsabilit\u00e9 pour les liens<\/h3>\t\t\t\t<\/div>\n\t\t\t\t<\/div>\n\t\t\t\t<div class=\"elementor-element elementor-element-ae847ab elementor-widget elementor-widget-text-editor\" data-id=\"ae847ab\" data-element_type=\"widget\" data-e-type=\"widget\" data-widget_type=\"text-editor.default\">\n\t\t\t\t<div class=\"elementor-widget-container\">\n\t\t\t\t\t\t\t\t\t<p>Notre offre en ligne contient des liens vers des sites web externes de tiers, sur le contenu desquels nous n'avons aucune influence. Nous ne pouvons donc pas nous porter garants de ces contenus externes. Le fournisseur ou l'exploitant des pages li\u00e9es est toujours responsable des contenus de ces pages. Les pages li\u00e9es ont \u00e9t\u00e9 v\u00e9rifi\u00e9es au moment de la cr\u00e9ation du lien quant \u00e0 d'\u00e9ventuelles violations de la loi, mais aucun contenu ill\u00e9gal n'a \u00e9t\u00e9 identifi\u00e9 \u00e0 ce moment-l\u00e0. Un contr\u00f4le durable du contenu des pages li\u00e9es n'est pas exigible sans indices concrets d'une violation de la loi. D\u00e8s que nous aurons connaissance d'une violation de la loi, nous supprimerons imm\u00e9diatement les liens concern\u00e9s.<\/p>\t\t\t\t\t\t\t\t<\/div>\n\t\t\t\t<\/div>\n\t\t\t\t<div class=\"elementor-element elementor-element-337452e elementor-widget elementor-widget-heading\" data-id=\"337452e\" data-element_type=\"widget\" data-e-type=\"widget\" data-widget_type=\"heading.default\">\n\t\t\t\t<div class=\"elementor-widget-container\">\n\t\t\t\t\t<h3 class=\"elementor-heading-title elementor-size-default\">Droit d'auteur<\/h3>\t\t\t\t<\/div>\n\t\t\t\t<\/div>\n\t\t\t\t<div class=\"elementor-element elementor-element-ff33b8c elementor-widget elementor-widget-text-editor\" data-id=\"ff33b8c\" data-element_type=\"widget\" data-e-type=\"widget\" data-widget_type=\"text-editor.default\">\n\t\t\t\t<div class=\"elementor-widget-container\">\n\t\t\t\t\t\t\t\t\t<p>Toutes les marques et marques d\u00e9pos\u00e9es mentionn\u00e9es dans l'offre Internet et \u00e9ventuellement prot\u00e9g\u00e9es par des tiers sont soumises sans restriction aux dispositions du droit des marques en vigueur et aux droits de propri\u00e9t\u00e9 des propri\u00e9taires respectifs enregistr\u00e9s. Le copyright des objets publi\u00e9s et cr\u00e9\u00e9s par nous-m\u00eames nous appartient exclusivement. Toute reproduction ou utilisation de tels graphiques, documents sonores, s\u00e9quences vid\u00e9o et textes dans d'autres publications \u00e9lectroniques ou imprim\u00e9es est interdite sans notre autorisation expresse. Cela vaut en particulier pour toutes les photos et contributions sonores ainsi que pour le logo, m\u00eame sous une forme modifi\u00e9e.<\/p><p>\u00a0<\/p>\t\t\t\t\t\t\t\t<\/div>\n\t\t\t\t<\/div>\n\t\t\t\t<\/div>\n\t\t\t\t\t<\/div>\n\t\t\t\t<\/div>\n\t\t\t\t<\/div>","protected":false},"excerpt":{"rendered":"<p>Impressum Angaben gem\u00e4\u00df \u00a7 5 TMG Mentsh ist eine Initiative von J\u00fcdisches Leben in Europa e.V. Ottostra\u00dfe 85 50823 K\u00f6ln Vertreten durch Generalsekret\u00e4r Andrei Kovacs KOntakt Telefon: +49 221 292961 [&hellip;]<\/p>\n","protected":false},"author":4,"featured_media":0,"parent":0,"menu_order":0,"comment_status":"closed","ping_status":"closed","template":"","meta":{"_acf_changed":false,"footnotes":""},"class_list":["post-2770","page","type-page","status-publish","hentry"],"acf":[],"yoast_head":"<!-- This site is optimized with the Yoast SEO Premium plugin v27.4 (Yoast SEO v27.4) - https:\/\/yoast.com\/product\/yoast-seo-premium-wordpress\/ -->\n<title>Impressum - MENTSH UNITED<\/title>\n<meta name=\"robots\" content=\"index, follow, max-snippet:-1, max-image-preview:large, max-video-preview:-1\" \/>\n<link rel=\"canonical\" href=\"https:\/\/mentsh.eu\/fr\/mentions-legales\/\" \/>\n<meta property=\"og:locale\" content=\"fr_FR\" \/>\n<meta property=\"og:type\" content=\"article\" \/>\n<meta property=\"og:title\" content=\"Impressum\" \/>\n<meta property=\"og:description\" content=\"%\" \/>\n<meta property=\"og:url\" content=\"https:\/\/mentsh.eu\/fr\/mentions-legales\/\" \/>\n<meta property=\"og:site_name\" content=\"MENTSH UNITED\" \/>\n<meta property=\"article:publisher\" content=\"https:\/\/www.facebook.com\/MentshUnited\" \/>\n<meta property=\"article:modified_time\" content=\"2025-08-14T17:16:56+00:00\" \/>\n<meta property=\"og:image\" content=\"https:\/\/mentsh.eu\/wp-content\/uploads\/2025\/06\/Cover_Facebook_2050x780-1024x390.png\" \/>\n\t<meta property=\"og:image:width\" content=\"1024\" \/>\n\t<meta property=\"og:image:height\" content=\"390\" \/>\n\t<meta property=\"og:image:type\" content=\"image\/png\" \/>\n<meta name=\"twitter:card\" content=\"summary_large_image\" \/>\n<meta name=\"twitter:label1\" content=\"Dur\u00e9e de lecture estim\u00e9e\" \/>\n\t<meta name=\"twitter:data1\" content=\"2 minutes\" \/>\n<script type=\"application\/ld+json\" class=\"yoast-schema-graph\">{\"@context\":\"https:\\\/\\\/schema.org\",\"@graph\":[{\"@type\":\"WebPage\",\"@id\":\"https:\\\/\\\/mentsh.eu\\\/impressum\\\/\",\"url\":\"https:\\\/\\\/mentsh.eu\\\/impressum\\\/\",\"name\":\"Impressum - MENTSH UNITED\",\"isPartOf\":{\"@id\":\"https:\\\/\\\/mentsh.eu\\\/#website\"},\"datePublished\":\"2025-05-23T11:24:21+00:00\",\"dateModified\":\"2025-08-14T17:16:56+00:00\",\"inLanguage\":\"fr-FR\",\"potentialAction\":[{\"@type\":\"ReadAction\",\"target\":[\"https:\\\/\\\/mentsh.eu\\\/impressum\\\/\"]}]},{\"@type\":\"WebSite\",\"@id\":\"https:\\\/\\\/mentsh.eu\\\/#website\",\"url\":\"https:\\\/\\\/mentsh.eu\\\/\",\"name\":\"MENTSH UNITED | J\u00fcdische Popkultur, Vielfalt & Dialog\",\"description\":\"Begegnungen schaffen, Vielfalt feiern: F\u00fcr ein offenes Europa\",\"publisher\":{\"@id\":\"https:\\\/\\\/mentsh.eu\\\/#organization\"},\"alternateName\":\"MENTSH UNITED \u2013 Die Initiative f\u00fcr Begegnung und j\u00fcdische Popkultur\",\"potentialAction\":[{\"@type\":\"SearchAction\",\"target\":{\"@type\":\"EntryPoint\",\"urlTemplate\":\"https:\\\/\\\/mentsh.eu\\\/?s={search_term_string}\"},\"query-input\":{\"@type\":\"PropertyValueSpecification\",\"valueRequired\":true,\"valueName\":\"search_term_string\"}}],\"inLanguage\":\"fr-FR\"},{\"@type\":\"Organization\",\"@id\":\"https:\\\/\\\/mentsh.eu\\\/#organization\",\"name\":\"MENTSH UNITED\",\"url\":\"https:\\\/\\\/mentsh.eu\\\/\",\"logo\":{\"@type\":\"ImageObject\",\"inLanguage\":\"fr-FR\",\"@id\":\"https:\\\/\\\/mentsh.eu\\\/#\\\/schema\\\/logo\\\/image\\\/\",\"url\":\"https:\\\/\\\/mentsh.eu\\\/wp-content\\\/uploads\\\/2025\\\/04\\\/logo.svg\",\"contentUrl\":\"https:\\\/\\\/mentsh.eu\\\/wp-content\\\/uploads\\\/2025\\\/04\\\/logo.svg\",\"width\":140,\"height\":78,\"caption\":\"MENTSH UNITED\"},\"image\":{\"@id\":\"https:\\\/\\\/mentsh.eu\\\/#\\\/schema\\\/logo\\\/image\\\/\"},\"sameAs\":[\"https:\\\/\\\/www.facebook.com\\\/MentshUnited\"],\"ownershipFundingInfo\":\"https:\\\/\\\/mentsh.eu\\\/terms-of-service\\\/\"}]}<\/script>\n<!-- \/ Yoast SEO Premium plugin. -->","yoast_head_json":{"title":"Mentions l\u00e9gales - MENTSH UNITED","robots":{"index":"index","follow":"follow","max-snippet":"max-snippet:-1","max-image-preview":"max-image-preview:large","max-video-preview":"max-video-preview:-1"},"canonical":"https:\/\/mentsh.eu\/fr\/mentions-legales\/","og_locale":"fr_FR","og_type":"article","og_title":"Impressum","og_description":"%","og_url":"https:\/\/mentsh.eu\/fr\/mentions-legales\/","og_site_name":"MENTSH UNITED","article_publisher":"https:\/\/www.facebook.com\/MentshUnited","article_modified_time":"2025-08-14T17:16:56+00:00","og_image":[{"width":1024,"height":390,"url":"https:\/\/mentsh.eu\/wp-content\/uploads\/2025\/06\/Cover_Facebook_2050x780-1024x390.png","type":"image\/png"}],"twitter_card":"summary_large_image","twitter_misc":{"Dur\u00e9e de lecture estim\u00e9e":"2 minutes"},"schema":{"@context":"https:\/\/schema.org","@graph":[{"@type":"WebPage","@id":"https:\/\/mentsh.eu\/impressum\/","url":"https:\/\/mentsh.eu\/impressum\/","name":"Mentions l\u00e9gales - MENTSH UNITED","isPartOf":{"@id":"https:\/\/mentsh.eu\/#website"},"datePublished":"2025-05-23T11:24:21+00:00","dateModified":"2025-08-14T17:16:56+00:00","inLanguage":"fr-FR","potentialAction":[{"@type":"ReadAction","target":["https:\/\/mentsh.eu\/impressum\/"]}]},{"@type":"WebSite","@id":"https:\/\/mentsh.eu\/#website","url":"https:\/\/mentsh.eu\/","name":"MENTSH UNITED | Culture pop juive, diversit\u00e9 &amp; dialogue","description":"Cr\u00e9er des rencontres, c\u00e9l\u00e9brer la diversit\u00e9 : pour une Europe ouverte","publisher":{"@id":"https:\/\/mentsh.eu\/#organization"},"alternateName":"MENTSH UNITED \u2013 Die Initiative f\u00fcr Begegnung und j\u00fcdische Popkultur","potentialAction":[{"@type":"SearchAction","target":{"@type":"EntryPoint","urlTemplate":"https:\/\/mentsh.eu\/?s={search_term_string}"},"query-input":{"@type":"PropertyValueSpecification","valueRequired":true,"valueName":"search_term_string"}}],"inLanguage":"fr-FR"},{"@type":"Organization","@id":"https:\/\/mentsh.eu\/#organization","name":"MENTSH UNITED","url":"https:\/\/mentsh.eu\/","logo":{"@type":"ImageObject","inLanguage":"fr-FR","@id":"https:\/\/mentsh.eu\/#\/schema\/logo\/image\/","url":"https:\/\/mentsh.eu\/wp-content\/uploads\/2025\/04\/logo.svg","contentUrl":"https:\/\/mentsh.eu\/wp-content\/uploads\/2025\/04\/logo.svg","width":140,"height":78,"caption":"MENTSH UNITED"},"image":{"@id":"https:\/\/mentsh.eu\/#\/schema\/logo\/image\/"},"sameAs":["https:\/\/www.facebook.com\/MentshUnited"],"ownershipFundingInfo":"https:\/\/mentsh.eu\/terms-of-service\/"}]}},"_links":{"self":[{"href":"https:\/\/mentsh.eu\/fr\/wp-json\/wp\/v2\/pages\/2770","targetHints":{"allow":["GET"]}}],"collection":[{"href":"https:\/\/mentsh.eu\/fr\/wp-json\/wp\/v2\/pages"}],"about":[{"href":"https:\/\/mentsh.eu\/fr\/wp-json\/wp\/v2\/types\/page"}],"author":[{"embeddable":true,"href":"https:\/\/mentsh.eu\/fr\/wp-json\/wp\/v2\/users\/4"}],"replies":[{"embeddable":true,"href":"https:\/\/mentsh.eu\/fr\/wp-json\/wp\/v2\/comments?post=2770"}],"version-history":[{"count":8,"href":"https:\/\/mentsh.eu\/fr\/wp-json\/wp\/v2\/pages\/2770\/revisions"}],"predecessor-version":[{"id":2845,"href":"https:\/\/mentsh.eu\/fr\/wp-json\/wp\/v2\/pages\/2770\/revisions\/2845"}],"wp:attachment":[{"href":"https:\/\/mentsh.eu\/fr\/wp-json\/wp\/v2\/media?parent=2770"}],"curies":[{"name":"wp","href":"https:\/\/api.w.org\/{rel}","templated":true}]}}