{"id":2770,"date":"2025-05-23T11:24:21","date_gmt":"2025-05-23T11:24:21","guid":{"rendered":"https:\/\/mentsh.eu\/?page_id=2770"},"modified":"2025-08-14T17:16:56","modified_gmt":"2025-08-14T17:16:56","slug":"imprint","status":"publish","type":"page","link":"https:\/\/mentsh.eu\/en\/impressum\/","title":{"rendered":"Imprint"},"content":{"rendered":"<div data-elementor-type=\"wp-page\" data-elementor-id=\"2770\" class=\"elementor elementor-2770\" data-elementor-post-type=\"page\">\n\t\t\t\t<div class=\"elementor-element elementor-element-8a60def e-flex e-con-boxed e-con e-parent\" data-id=\"8a60def\" data-element_type=\"container\" data-e-type=\"container\" data-settings=\"{&quot;background_background&quot;:&quot;classic&quot;,&quot;shape_divider_top&quot;:&quot;tilt&quot;,&quot;shape_divider_bottom&quot;:&quot;tilt&quot;}\">\n\t\t\t\t\t<div class=\"e-con-inner\">\n\t\t\t\t<div class=\"elementor-shape elementor-shape-top\" aria-hidden=\"true\" data-negative=\"false\">\n\t\t\t<svg xmlns=\"http:\/\/www.w3.org\/2000\/svg\" viewbox=\"0 0 1000 100\" preserveaspectratio=\"none\">\n\t<path class=\"elementor-shape-fill\" d=\"M0,6V0h1000v100L0,6z\"\/>\n<\/svg>\t\t<\/div>\n\t\t\t\t<div class=\"elementor-shape elementor-shape-bottom\" aria-hidden=\"true\" data-negative=\"false\">\n\t\t\t<svg xmlns=\"http:\/\/www.w3.org\/2000\/svg\" viewbox=\"0 0 1000 100\" preserveaspectratio=\"none\">\n\t<path class=\"elementor-shape-fill\" d=\"M0,6V0h1000v100L0,6z\"\/>\n<\/svg>\t\t<\/div>\n\t\t\t\t<div class=\"elementor-element elementor-element-6c92fb2 elementor-widget elementor-widget-heading\" data-id=\"6c92fb2\" data-element_type=\"widget\" data-e-type=\"widget\" data-widget_type=\"heading.default\">\n\t\t\t\t<div class=\"elementor-widget-container\">\n\t\t\t\t\t<h1 class=\"elementor-heading-title elementor-size-default\">Imprint<\/h1>\t\t\t\t<\/div>\n\t\t\t\t<\/div>\n\t\t\t\t\t<\/div>\n\t\t\t\t<\/div>\n\t\t<div class=\"elementor-element elementor-element-f54035f e-flex e-con-boxed e-con e-parent\" data-id=\"f54035f\" data-element_type=\"container\" data-e-type=\"container\" data-settings=\"{&quot;shape_divider_bottom&quot;:&quot;tilt&quot;}\">\n\t\t\t\t\t<div class=\"e-con-inner\">\n\t\t\t\t<div class=\"elementor-shape elementor-shape-bottom\" aria-hidden=\"true\" data-negative=\"false\">\n\t\t\t<svg xmlns=\"http:\/\/www.w3.org\/2000\/svg\" viewbox=\"0 0 1000 100\" preserveaspectratio=\"none\">\n\t<path class=\"elementor-shape-fill\" d=\"M0,6V0h1000v100L0,6z\"\/>\n<\/svg>\t\t<\/div>\n\t\t<div class=\"elementor-element elementor-element-8ad8447 e-con-full e-flex e-con e-child\" data-id=\"8ad8447\" data-element_type=\"container\" data-e-type=\"container\">\n\t\t\t\t<div class=\"elementor-element elementor-element-01a038f elementor-widget elementor-widget-heading\" data-id=\"01a038f\" data-element_type=\"widget\" data-e-type=\"widget\" data-widget_type=\"heading.default\">\n\t\t\t\t<div class=\"elementor-widget-container\">\n\t\t\t\t\t<h2 class=\"elementor-heading-title elementor-size-default\">Information according to \u00a7 5 TMG<\/h2>\t\t\t\t<\/div>\n\t\t\t\t<\/div>\n\t\t\t\t<div class=\"elementor-element elementor-element-75140fa elementor-widget elementor-widget-heading\" data-id=\"75140fa\" data-element_type=\"widget\" data-e-type=\"widget\" data-widget_type=\"heading.default\">\n\t\t\t\t<div class=\"elementor-widget-container\">\n\t\t\t\t\t<h3 class=\"elementor-heading-title elementor-size-default\">Mentsh is an initiative of<\/h3>\t\t\t\t<\/div>\n\t\t\t\t<\/div>\n\t\t\t\t<div class=\"elementor-element elementor-element-50b863a elementor-widget elementor-widget-text-editor\" data-id=\"50b863a\" data-element_type=\"widget\" data-e-type=\"widget\" data-widget_type=\"text-editor.default\">\n\t\t\t\t<div class=\"elementor-widget-container\">\n\t\t\t\t\t\t\t\t\t<p>Jewish Life in Europe e.V.<\/p><p>Ottostrasse 85<\/p><p>50823 Cologne<\/p>\t\t\t\t\t\t\t\t<\/div>\n\t\t\t\t<\/div>\n\t\t\t\t<div class=\"elementor-element elementor-element-8da7f5f elementor-widget elementor-widget-heading\" data-id=\"8da7f5f\" data-element_type=\"widget\" data-e-type=\"widget\" data-widget_type=\"heading.default\">\n\t\t\t\t<div class=\"elementor-widget-container\">\n\t\t\t\t\t<h3 class=\"elementor-heading-title elementor-size-default\">Represented by<\/h3>\t\t\t\t<\/div>\n\t\t\t\t<\/div>\n\t\t\t\t<div class=\"elementor-element elementor-element-c4003f4 elementor-widget elementor-widget-text-editor\" data-id=\"c4003f4\" data-element_type=\"widget\" data-e-type=\"widget\" data-widget_type=\"text-editor.default\">\n\t\t\t\t<div class=\"elementor-widget-container\">\n\t\t\t\t\t\t\t\t\t<p>Secretary General Andrei Kovacs<\/p>\t\t\t\t\t\t\t\t<\/div>\n\t\t\t\t<\/div>\n\t\t\t\t<div class=\"elementor-element elementor-element-fa9f9c8 elementor-widget elementor-widget-heading\" data-id=\"fa9f9c8\" data-element_type=\"widget\" data-e-type=\"widget\" data-widget_type=\"heading.default\">\n\t\t\t\t<div class=\"elementor-widget-container\">\n\t\t\t\t\t<h3 class=\"elementor-heading-title elementor-size-default\">COntact<\/h3>\t\t\t\t<\/div>\n\t\t\t\t<\/div>\n\t\t\t\t<div class=\"elementor-element elementor-element-4a639c0 elementor-widget elementor-widget-text-editor\" data-id=\"4a639c0\" data-element_type=\"widget\" data-e-type=\"widget\" data-widget_type=\"text-editor.default\">\n\t\t\t\t<div class=\"elementor-widget-container\">\n\t\t\t\t\t\t\t\t\t<p>Phone: +49 221 292961 70<\/p><p>Fax: +49 221 292961 99<\/p><p>\u00a0<\/p><p>E-mail: united(at)mentsh.eu or info(at)jewlif.org\u00a0<\/p><p>Responsible for content according to \u00a718 paragraph 2 MStV: Andrei Kovacs<\/p><div>\u00a0<\/div>\t\t\t\t\t\t\t\t<\/div>\n\t\t\t\t<\/div>\n\t\t\t\t<div class=\"elementor-element elementor-element-7663959 elementor-widget elementor-widget-heading\" data-id=\"7663959\" data-element_type=\"widget\" data-e-type=\"widget\" data-widget_type=\"heading.default\">\n\t\t\t\t<div class=\"elementor-widget-container\">\n\t\t\t\t\t<h3 class=\"elementor-heading-title elementor-size-default\">Consumer dispute resolution \/ universal arbitration centre<\/h3>\t\t\t\t<\/div>\n\t\t\t\t<\/div>\n\t\t\t\t<div class=\"elementor-element elementor-element-136c214 elementor-widget elementor-widget-text-editor\" data-id=\"136c214\" data-element_type=\"widget\" data-e-type=\"widget\" data-widget_type=\"text-editor.default\">\n\t\t\t\t<div class=\"elementor-widget-container\">\n\t\t\t\t\t\t\t\t\t<p>We declare that we do not participate in any dispute resolution proceedings before a consumer arbitration board, as there is neither a willingness nor an obligation on our part.<\/p>\t\t\t\t\t\t\t\t<\/div>\n\t\t\t\t<\/div>\n\t\t\t\t<div class=\"elementor-element elementor-element-e84c74e elementor-widget elementor-widget-heading\" data-id=\"e84c74e\" data-element_type=\"widget\" data-e-type=\"widget\" data-widget_type=\"heading.default\">\n\t\t\t\t<div class=\"elementor-widget-container\">\n\t\t\t\t\t<h3 class=\"elementor-heading-title elementor-size-default\">Liability for content<\/h3>\t\t\t\t<\/div>\n\t\t\t\t<\/div>\n\t\t\t\t<div class=\"elementor-element elementor-element-640637f elementor-widget elementor-widget-text-editor\" data-id=\"640637f\" data-element_type=\"widget\" data-e-type=\"widget\" data-widget_type=\"text-editor.default\">\n\t\t\t\t<div class=\"elementor-widget-container\">\n\t\t\t\t\t\t\t\t\t<p>Pursuant to Section 7 (1) of the German Telemedia Act (TMG), as a service provider we are responsible for our own content on these pages in accordance with general legislation. However, as a service provider, we are not obliged under Sections 8 to 10 TMG to monitor transmitted or stored third-party information or to investigate circumstances that indicate illegal activities. Obligations to remove or block the use of information in accordance with general legislation remain unaffected. However, liability in this respect is only possible from the time of knowledge of a specific infringement. As soon as we become aware of any legal infringements, we will remove this content immediately.<\/p>\t\t\t\t\t\t\t\t<\/div>\n\t\t\t\t<\/div>\n\t\t\t\t<div class=\"elementor-element elementor-element-9ff71b5 elementor-widget elementor-widget-heading\" data-id=\"9ff71b5\" data-element_type=\"widget\" data-e-type=\"widget\" data-widget_type=\"heading.default\">\n\t\t\t\t<div class=\"elementor-widget-container\">\n\t\t\t\t\t<h3 class=\"elementor-heading-title elementor-size-default\">Liability for links<\/h3>\t\t\t\t<\/div>\n\t\t\t\t<\/div>\n\t\t\t\t<div class=\"elementor-element elementor-element-ae847ab elementor-widget elementor-widget-text-editor\" data-id=\"ae847ab\" data-element_type=\"widget\" data-e-type=\"widget\" data-widget_type=\"text-editor.default\">\n\t\t\t\t<div class=\"elementor-widget-container\">\n\t\t\t\t\t\t\t\t\t<p>Our online offer contains links to external websites of third parties over whose content we have no influence. We can therefore accept no liability for this third-party content. The respective provider or operator of the pages is always responsible for the content of the linked pages. The linked pages were checked for possible legal violations at the time of linking, but no illegal content was recognisable at that time. Permanent monitoring of the content of linked pages is not reasonable without concrete evidence of an infringement. If we become aware of any legal infringements, we will remove such links immediately.<\/p>\t\t\t\t\t\t\t\t<\/div>\n\t\t\t\t<\/div>\n\t\t\t\t<div class=\"elementor-element elementor-element-337452e elementor-widget elementor-widget-heading\" data-id=\"337452e\" data-element_type=\"widget\" data-e-type=\"widget\" data-widget_type=\"heading.default\">\n\t\t\t\t<div class=\"elementor-widget-container\">\n\t\t\t\t\t<h3 class=\"elementor-heading-title elementor-size-default\">Copyright<\/h3>\t\t\t\t<\/div>\n\t\t\t\t<\/div>\n\t\t\t\t<div class=\"elementor-element elementor-element-ff33b8c elementor-widget elementor-widget-text-editor\" data-id=\"ff33b8c\" data-element_type=\"widget\" data-e-type=\"widget\" data-widget_type=\"text-editor.default\">\n\t\t\t\t<div class=\"elementor-widget-container\">\n\t\t\t\t\t\t\t\t\t<p>All brand names and trademarks mentioned on the website and possibly protected by third parties are subject without restriction to the provisions of the applicable trademark law and the ownership rights of the respective registered owners. The copyright for published objects created by us remains solely with us. Reproduction or use of such graphics, sound documents, video sequences and texts in other electronic or printed publications is not permitted without our express consent. This applies in particular to all photos and sound contributions as well as the logo, even in modified form.<\/p><p>\u00a0<\/p>\t\t\t\t\t\t\t\t<\/div>\n\t\t\t\t<\/div>\n\t\t\t\t<\/div>\n\t\t\t\t\t<\/div>\n\t\t\t\t<\/div>\n\t\t\t\t<\/div>","protected":false},"excerpt":{"rendered":"<p>Impressum Angaben gem\u00e4\u00df \u00a7 5 TMG Mentsh ist eine Initiative von J\u00fcdisches Leben in Europa e.V. Ottostra\u00dfe 85 50823 K\u00f6ln Vertreten durch Generalsekret\u00e4r Andrei Kovacs KOntakt Telefon: +49 221 292961 [&hellip;]<\/p>\n","protected":false},"author":4,"featured_media":0,"parent":0,"menu_order":0,"comment_status":"closed","ping_status":"closed","template":"","meta":{"_acf_changed":false,"footnotes":""},"class_list":["post-2770","page","type-page","status-publish","hentry"],"acf":[],"yoast_head":"<!-- This site is optimized with the Yoast SEO Premium plugin v27.4 (Yoast SEO v27.4) - https:\/\/yoast.com\/product\/yoast-seo-premium-wordpress\/ -->\n<title>Impressum - MENTSH UNITED<\/title>\n<meta name=\"robots\" content=\"index, follow, max-snippet:-1, max-image-preview:large, max-video-preview:-1\" \/>\n<link rel=\"canonical\" href=\"https:\/\/mentsh.eu\/en\/imprint\/\" \/>\n<meta property=\"og:locale\" content=\"en_GB\" \/>\n<meta property=\"og:type\" content=\"article\" \/>\n<meta property=\"og:title\" content=\"Impressum\" \/>\n<meta property=\"og:description\" content=\"%\" \/>\n<meta property=\"og:url\" content=\"https:\/\/mentsh.eu\/en\/imprint\/\" \/>\n<meta property=\"og:site_name\" content=\"MENTSH UNITED\" \/>\n<meta property=\"article:publisher\" content=\"https:\/\/www.facebook.com\/MentshUnited\" \/>\n<meta property=\"article:modified_time\" content=\"2025-08-14T17:16:56+00:00\" \/>\n<meta property=\"og:image\" content=\"https:\/\/mentsh.eu\/wp-content\/uploads\/2025\/06\/Cover_Facebook_2050x780-1024x390.png\" \/>\n\t<meta property=\"og:image:width\" content=\"1024\" \/>\n\t<meta property=\"og:image:height\" content=\"390\" \/>\n\t<meta property=\"og:image:type\" content=\"image\/png\" \/>\n<meta name=\"twitter:card\" content=\"summary_large_image\" \/>\n<meta name=\"twitter:label1\" content=\"Estimated reading time\" \/>\n\t<meta name=\"twitter:data1\" content=\"2 minutes\" \/>\n<script type=\"application\/ld+json\" class=\"yoast-schema-graph\">{\"@context\":\"https:\\\/\\\/schema.org\",\"@graph\":[{\"@type\":\"WebPage\",\"@id\":\"https:\\\/\\\/mentsh.eu\\\/impressum\\\/\",\"url\":\"https:\\\/\\\/mentsh.eu\\\/impressum\\\/\",\"name\":\"Impressum - MENTSH UNITED\",\"isPartOf\":{\"@id\":\"https:\\\/\\\/mentsh.eu\\\/#website\"},\"datePublished\":\"2025-05-23T11:24:21+00:00\",\"dateModified\":\"2025-08-14T17:16:56+00:00\",\"inLanguage\":\"en-GB\",\"potentialAction\":[{\"@type\":\"ReadAction\",\"target\":[\"https:\\\/\\\/mentsh.eu\\\/impressum\\\/\"]}]},{\"@type\":\"WebSite\",\"@id\":\"https:\\\/\\\/mentsh.eu\\\/#website\",\"url\":\"https:\\\/\\\/mentsh.eu\\\/\",\"name\":\"MENTSH UNITED | J\u00fcdische Popkultur, Vielfalt & Dialog\",\"description\":\"Begegnungen schaffen, Vielfalt feiern: F\u00fcr ein offenes Europa\",\"publisher\":{\"@id\":\"https:\\\/\\\/mentsh.eu\\\/#organization\"},\"alternateName\":\"MENTSH UNITED \u2013 Die Initiative f\u00fcr Begegnung und j\u00fcdische Popkultur\",\"potentialAction\":[{\"@type\":\"SearchAction\",\"target\":{\"@type\":\"EntryPoint\",\"urlTemplate\":\"https:\\\/\\\/mentsh.eu\\\/?s={search_term_string}\"},\"query-input\":{\"@type\":\"PropertyValueSpecification\",\"valueRequired\":true,\"valueName\":\"search_term_string\"}}],\"inLanguage\":\"en-GB\"},{\"@type\":\"Organization\",\"@id\":\"https:\\\/\\\/mentsh.eu\\\/#organization\",\"name\":\"MENTSH UNITED\",\"url\":\"https:\\\/\\\/mentsh.eu\\\/\",\"logo\":{\"@type\":\"ImageObject\",\"inLanguage\":\"en-GB\",\"@id\":\"https:\\\/\\\/mentsh.eu\\\/#\\\/schema\\\/logo\\\/image\\\/\",\"url\":\"https:\\\/\\\/mentsh.eu\\\/wp-content\\\/uploads\\\/2025\\\/04\\\/logo.svg\",\"contentUrl\":\"https:\\\/\\\/mentsh.eu\\\/wp-content\\\/uploads\\\/2025\\\/04\\\/logo.svg\",\"width\":140,\"height\":78,\"caption\":\"MENTSH UNITED\"},\"image\":{\"@id\":\"https:\\\/\\\/mentsh.eu\\\/#\\\/schema\\\/logo\\\/image\\\/\"},\"sameAs\":[\"https:\\\/\\\/www.facebook.com\\\/MentshUnited\"],\"ownershipFundingInfo\":\"https:\\\/\\\/mentsh.eu\\\/terms-of-service\\\/\"}]}<\/script>\n<!-- \/ Yoast SEO Premium plugin. -->","yoast_head_json":{"title":"Imprint - MENTSH UNITED","robots":{"index":"index","follow":"follow","max-snippet":"max-snippet:-1","max-image-preview":"max-image-preview:large","max-video-preview":"max-video-preview:-1"},"canonical":"https:\/\/mentsh.eu\/en\/imprint\/","og_locale":"en_GB","og_type":"article","og_title":"Impressum","og_description":"%","og_url":"https:\/\/mentsh.eu\/en\/imprint\/","og_site_name":"MENTSH UNITED","article_publisher":"https:\/\/www.facebook.com\/MentshUnited","article_modified_time":"2025-08-14T17:16:56+00:00","og_image":[{"width":1024,"height":390,"url":"https:\/\/mentsh.eu\/wp-content\/uploads\/2025\/06\/Cover_Facebook_2050x780-1024x390.png","type":"image\/png"}],"twitter_card":"summary_large_image","twitter_misc":{"Estimated reading time":"2 minutes"},"schema":{"@context":"https:\/\/schema.org","@graph":[{"@type":"WebPage","@id":"https:\/\/mentsh.eu\/impressum\/","url":"https:\/\/mentsh.eu\/impressum\/","name":"Imprint - MENTSH UNITED","isPartOf":{"@id":"https:\/\/mentsh.eu\/#website"},"datePublished":"2025-05-23T11:24:21+00:00","dateModified":"2025-08-14T17:16:56+00:00","inLanguage":"en-GB","potentialAction":[{"@type":"ReadAction","target":["https:\/\/mentsh.eu\/impressum\/"]}]},{"@type":"WebSite","@id":"https:\/\/mentsh.eu\/#website","url":"https:\/\/mentsh.eu\/","name":"MENTSH UNITED | Jewish Pop Culture, Diversity &amp; Dialogue","description":"Creating encounters, celebrating diversity: for an open Europe","publisher":{"@id":"https:\/\/mentsh.eu\/#organization"},"alternateName":"MENTSH UNITED \u2013 Die Initiative f\u00fcr Begegnung und j\u00fcdische Popkultur","potentialAction":[{"@type":"SearchAction","target":{"@type":"EntryPoint","urlTemplate":"https:\/\/mentsh.eu\/?s={search_term_string}"},"query-input":{"@type":"PropertyValueSpecification","valueRequired":true,"valueName":"search_term_string"}}],"inLanguage":"en-GB"},{"@type":"Organization","@id":"https:\/\/mentsh.eu\/#organization","name":"MENTSH UNITED","url":"https:\/\/mentsh.eu\/","logo":{"@type":"ImageObject","inLanguage":"en-GB","@id":"https:\/\/mentsh.eu\/#\/schema\/logo\/image\/","url":"https:\/\/mentsh.eu\/wp-content\/uploads\/2025\/04\/logo.svg","contentUrl":"https:\/\/mentsh.eu\/wp-content\/uploads\/2025\/04\/logo.svg","width":140,"height":78,"caption":"MENTSH UNITED"},"image":{"@id":"https:\/\/mentsh.eu\/#\/schema\/logo\/image\/"},"sameAs":["https:\/\/www.facebook.com\/MentshUnited"],"ownershipFundingInfo":"https:\/\/mentsh.eu\/terms-of-service\/"}]}},"_links":{"self":[{"href":"https:\/\/mentsh.eu\/en\/wp-json\/wp\/v2\/pages\/2770","targetHints":{"allow":["GET"]}}],"collection":[{"href":"https:\/\/mentsh.eu\/en\/wp-json\/wp\/v2\/pages"}],"about":[{"href":"https:\/\/mentsh.eu\/en\/wp-json\/wp\/v2\/types\/page"}],"author":[{"embeddable":true,"href":"https:\/\/mentsh.eu\/en\/wp-json\/wp\/v2\/users\/4"}],"replies":[{"embeddable":true,"href":"https:\/\/mentsh.eu\/en\/wp-json\/wp\/v2\/comments?post=2770"}],"version-history":[{"count":8,"href":"https:\/\/mentsh.eu\/en\/wp-json\/wp\/v2\/pages\/2770\/revisions"}],"predecessor-version":[{"id":2845,"href":"https:\/\/mentsh.eu\/en\/wp-json\/wp\/v2\/pages\/2770\/revisions\/2845"}],"wp:attachment":[{"href":"https:\/\/mentsh.eu\/en\/wp-json\/wp\/v2\/media?parent=2770"}],"curies":[{"name":"wp","href":"https:\/\/api.w.org\/{rel}","templated":true}]}}